{"id":7341,"date":"2026-01-05T23:33:23","date_gmt":"2026-01-05T23:33:23","guid":{"rendered":"https:\/\/www.b-on.pt\/?page_id=7341"},"modified":"2026-01-05T23:33:26","modified_gmt":"2026-01-05T23:33:26","slug":"elsevier-publishing-conditions-2026","status":"publish","type":"page","link":"https:\/\/www.b-on.pt\/en\/open-access\/elsevier-publishing-conditions-2026\/","title":{"rendered":"Elsevier &#8211; Publishing conditions 2026"},"content":{"rendered":"\n<ul>\n<li><strong>Eligibility<\/strong>\u200b\n<ul>\n<li><strong>Responsible <\/strong>corresponding author <strong>affiliated <\/strong>to any <a href=\"https:\/\/www.b-on.pt\/membros\/\">b-on member institution<\/a> on article <strong>acceptance<\/strong>.&nbsp;This is the author that submits the article on the platform and undergoes the <em>Author Journey<\/em> on the platform.\u200b<\/li>\n\n\n\n<li>Eligible article types:&nbsp;\n<ul>\n<li>\u200b<em>Case Reports;<\/em><\/li>\n\n\n\n<li><em>Full length<\/em>&nbsp;<em>articles<\/em>;<\/li>\n\n\n\n<li><em>Reviews;<\/em><\/li>\n\n\n\n<li><em>Short communication;<\/em><\/li>\n\n\n\n<li><em>Data article;<\/em><\/li>\n\n\n\n<li><em>Micro article;<\/em><\/li>\n\n\n\n<li><em>Original software publication;<\/em><\/li>\n\n\n\n<li><em>Practice guidelines;<\/em><\/li>\n\n\n\n<li><em>Protocols;<\/em><\/li>\n\n\n\n<li><em>Replication studies;<\/em><\/li>\n\n\n\n<li><em>Short surveys;<\/em><\/li>\n\n\n\n<li><em>Video.<\/em><\/li>\n<\/ul>\n<\/li>\n\n\n\n<li>Article <strong>accepted <\/strong>for publication after January 1<sup>st<\/sup> 2026 and before December 31<sup>st<\/sup> 2026;\u200b<\/li>\n<\/ul>\n<\/li>\n\n\n\n<li><strong>Publication route<\/strong>\n<ul>\n<li><a href=\"https:\/\/www.b-on.pt\/en\/glossary\/\">Hybrid journals<\/a>:\u00a0up to a maximum of <strong>2519\u00a0articles\u00a0in 2026<\/strong>, in one journal from the publish list that can be found <a href=\"https:\/\/view.officeapps.live.com\/op\/view.aspx?src=https%3A%2F%2Fwww.b-on.pt%2Factiveapp%2Fwp-content%2Fuploads%2F2025%2F02%2Felsevier-freedom-collection-publish-title-list-2025-02-05_.xlsx&amp;wdOrigin=BROWSELINK\">here<\/a> or researched on the publisher&#8217;s <a href=\"https:\/\/agreements.journals.elsevier.com\/fct\">journal finder<\/a>;\u200b<\/li>\n\n\n\n<li><a href=\"https:\/\/www.b-on.pt\/en\/glossary\/\">GOA Journals<\/a>:&nbsp;not included in the agreement;\u200b<\/li>\n<\/ul>\n<\/li>\n\n\n\n<li><strong>How to benefit from OA conditions:\u200b<\/strong>\n<ol>\n<li><strong>Submit <\/strong>the article;<\/li>\n\n\n\n<li><strong>Select<\/strong> institution of affiliation;<\/li>\n\n\n\n<li>On acceptance, <strong>follow the link <\/strong>to complete the <em>author journey <\/em>where the open access option is offered unequivocally;\u200b<\/li>\n\n\n\n<li>Upon choosing to publish of the OA choice, the article is immediately available (open) online on the publishers website;\u200b<\/li>\n\n\n\n<li>In parallel, a local institutional contact person performs the validation of affiliation on the <em><a href=\"https:\/\/oap.elsevier.com\/s\/\" target=\"_blank\" rel=\"noreferrer noopener\">Elsevier Open Access Platform, EOAP<\/a><\/em>.<\/li>\n<\/ol>\n<\/li>\n<\/ul>\n\n\n\n<p>For more information about the b-on agreement, please visit <a rel=\"noreferrer noopener\" href=\"https:\/\/www.elsevier.com\/open-access\/agreements\/fct\" target=\"_blank\">Funda\u00e7\u00e3o para Ci\u00eancia e a Tecnologia (elsevier.com)<\/a><\/p>\n\n\n\n<p class=\"has-text-align-right\"><em>Last update: 5\/01\/2026<\/em><\/p>\n","protected":false},"excerpt":{"rendered":"<p>For more information about the b-on agreement, please visit Funda\u00e7\u00e3o para Ci\u00eancia e a Tecnologia (elsevier.com) Last update: 5\/01\/2026<\/p>\n","protected":false},"author":78,"featured_media":0,"parent":3308,"menu_order":0,"comment_status":"closed","ping_status":"closed","template":"","meta":{"footnotes":""},"_links":{"self":[{"href":"https:\/\/www.b-on.pt\/en\/wp-json\/wp\/v2\/pages\/7341"}],"collection":[{"href":"https:\/\/www.b-on.pt\/en\/wp-json\/wp\/v2\/pages"}],"about":[{"href":"https:\/\/www.b-on.pt\/en\/wp-json\/wp\/v2\/types\/page"}],"author":[{"embeddable":true,"href":"https:\/\/www.b-on.pt\/en\/wp-json\/wp\/v2\/users\/78"}],"replies":[{"embeddable":true,"href":"https:\/\/www.b-on.pt\/en\/wp-json\/wp\/v2\/comments?post=7341"}],"version-history":[{"count":1,"href":"https:\/\/www.b-on.pt\/en\/wp-json\/wp\/v2\/pages\/7341\/revisions"}],"predecessor-version":[{"id":7342,"href":"https:\/\/www.b-on.pt\/en\/wp-json\/wp\/v2\/pages\/7341\/revisions\/7342"}],"up":[{"embeddable":true,"href":"https:\/\/www.b-on.pt\/en\/wp-json\/wp\/v2\/pages\/3308"}],"wp:attachment":[{"href":"https:\/\/www.b-on.pt\/en\/wp-json\/wp\/v2\/media?parent=7341"}],"curies":[{"name":"wp","href":"https:\/\/api.w.org\/{rel}","templated":true}]}}