{"id":7343,"date":"2026-01-05T23:36:08","date_gmt":"2026-01-05T23:36:08","guid":{"rendered":"https:\/\/www.b-on.pt\/?page_id=7343"},"modified":"2026-01-05T23:36:11","modified_gmt":"2026-01-05T23:36:11","slug":"emerald-publishing-conditions-2026","status":"publish","type":"page","link":"https:\/\/www.b-on.pt\/en\/open-access\/emerald-publishing-conditions-2026\/","title":{"rendered":"Emerald &#8211; Publishing conditions 2026"},"content":{"rendered":"\n<ul>\n<li><strong>Eligibility<\/strong>\u200b\n<ul>\n<li>Responsible corresponding author affiliated to any <em>Emerald Insight<\/em> subscribing b-on institution<sup>1<\/sup> on article acceptance;\u200b<\/li>\n\n\n\n<li>Article type:&nbsp;no restrictions;&nbsp;\u200b<\/li>\n\n\n\n<li><strong>Article accepted for publication <\/strong>after January 1<sup>st<\/sup>\u00a02026 and before December 31<sup>st<\/sup>\u00a02026;<strong>\u200b\u200b<\/strong><\/li>\n<\/ul>\n<\/li>\n\n\n\n<li><strong>Publication Route<\/strong>\n<ul>\n<li>Up to a maximum of <strong>27 articles in 2026 <\/strong>in hybrid journals subscribed by the institution the corresponding author is affiliated to<sup>1<\/sup>. <a href=\"https:\/\/www.b-on.pt\/activeapp\/wp-content\/uploads\/2025\/08\/B-On_2025-2027_Collection_titles.xlsx\" target=\"_blank\" rel=\"noreferrer noopener\">The full list can be found here<\/a>;<s>\u200b<\/s><\/li>\n<\/ul>\n<\/li>\n\n\n\n<li><strong>How to benefit from the conditions:\u200b<\/strong>\n<ol>\n<li>Submit the article;<\/li>\n\n\n\n<li>Identify institution of affiliation;<\/li>\n\n\n\n<li>On acceptance, follow the link sent by the publisher and complete the publication workflow via <em>Emerald submit<\/em>, where the OA license CC-BY option will be available for validation;<\/li>\n<\/ol>\n<\/li>\n<\/ul>\n\n\n\n<p><sup>1<\/sup>Emerald Insight subscriber institutions are:<\/p>\n\n\n\n<figure class=\"wp-block-table is-style-regular\"><table><tbody><tr><td><em>Escola Superior de Hotelaria e Turismo do Estoril (ESHTE)<\/em><\/td><\/tr><tr><td><em>Instituto Polit\u00e9cnico de Beja<\/em><\/td><\/tr><tr><td><em>ISCTE-IUL &#8211; Instituto Universit\u00e1rio de Lisboa<\/em><\/td><\/tr><tr><td>Universidade Aberta<\/td><\/tr><tr><td><em>Universidade Cat\u00f3lica Portuguesa<\/em><\/td><\/tr><tr><td><em>Universidade de Aveiro<\/em><\/td><\/tr><tr><td><em>Universidade do Algarve<\/em><\/td><\/tr><tr><td><em>Universidade do Minho<\/em><\/td><\/tr><tr><td><em>Universidade do Porto<\/em><\/td><\/tr><\/tbody><\/table><\/figure>\n\n\n\n<p class=\"has-text-align-right\"><em>Last update: 5\/01\/202<\/em>6<\/p>\n","protected":false},"excerpt":{"rendered":"<p>1Emerald Insight subscriber institutions are: Escola Superior de Hotelaria e Turismo do Estoril (ESHTE) Instituto Polit\u00e9cnico de Beja ISCTE-IUL &#8211; Instituto Universit\u00e1rio de Lisboa Universidade Aberta Universidade Cat\u00f3lica Portuguesa Universidade de Aveiro Universidade do Algarve Universidade do Minho Universidade do Porto Last update: 5\/01\/2026<\/p>\n","protected":false},"author":78,"featured_media":0,"parent":3308,"menu_order":0,"comment_status":"closed","ping_status":"closed","template":"","meta":{"footnotes":""},"_links":{"self":[{"href":"https:\/\/www.b-on.pt\/en\/wp-json\/wp\/v2\/pages\/7343"}],"collection":[{"href":"https:\/\/www.b-on.pt\/en\/wp-json\/wp\/v2\/pages"}],"about":[{"href":"https:\/\/www.b-on.pt\/en\/wp-json\/wp\/v2\/types\/page"}],"author":[{"embeddable":true,"href":"https:\/\/www.b-on.pt\/en\/wp-json\/wp\/v2\/users\/78"}],"replies":[{"embeddable":true,"href":"https:\/\/www.b-on.pt\/en\/wp-json\/wp\/v2\/comments?post=7343"}],"version-history":[{"count":1,"href":"https:\/\/www.b-on.pt\/en\/wp-json\/wp\/v2\/pages\/7343\/revisions"}],"predecessor-version":[{"id":7344,"href":"https:\/\/www.b-on.pt\/en\/wp-json\/wp\/v2\/pages\/7343\/revisions\/7344"}],"up":[{"embeddable":true,"href":"https:\/\/www.b-on.pt\/en\/wp-json\/wp\/v2\/pages\/3308"}],"wp:attachment":[{"href":"https:\/\/www.b-on.pt\/en\/wp-json\/wp\/v2\/media?parent=7343"}],"curies":[{"name":"wp","href":"https:\/\/api.w.org\/{rel}","templated":true}]}}