{"id":864,"date":"2015-05-14T09:47:12","date_gmt":"2015-05-14T09:47:12","guid":{"rendered":"http:\/\/www.b-on.pt\/?page_id=864"},"modified":"2015-05-15T13:21:26","modified_gmt":"2015-05-15T13:21:26","slug":"bibliographical-references","status":"publish","type":"page","link":"https:\/\/www.b-on.pt\/en\/best-practices\/bibliographical-references\/","title":{"rendered":"Bibliographical references"},"content":{"rendered":"<div style=\"text-align: justify;\">There are rules to do biblioghraphic references?<\/div>\n<div style=\"text-align: justify;\"><\/div>\n<div style=\"text-align: justify;\">Regarding standardization literature, there is a rule in Portugal, NP 405 &#8211; Information and Documentation: References, which covers several types of documents:<\/div>\n<div style=\"text-align: justify;\">\u2022 Printing (NP405-1)<\/div>\n<div style=\"text-align: justify;\">\u2022 Non-book materials (NP405-2)<\/div>\n<div style=\"text-align: justify;\">\u2022 unpublished documents (NP405-3)<\/div>\n<div style=\"text-align: justify;\">\u2022 Electronic (NP405-4).<\/div>\n<div style=\"text-align: justify;\"><\/div>\n<div style=\"text-align: justify;\">Here you will find information on the essential elements that should always be included in a reference as well as some examples.<\/div>\n<div style=\"text-align: justify;\">Please pay attention to punctuation.<\/div>\n<div style=\"text-align: justify;\"><\/div>\n<div style=\"text-align: justify;\"><span style=\"color: #cc0099;\"><strong>BOOKS \/ MONOGRAPHS<\/strong><\/span><\/div>\n<div style=\"text-align: justify;\"><\/div>\n<div style=\"text-align: justify;\">SURNAME, Name &#8211; Title of work: Completion title. Place of Publication: Publisher, Year of publication. Physical description. (Collection). ISBN<\/div>\n<div style=\"text-align: justify;\"><\/div>\n<div style=\"text-align: justify;\"><span style=\"color: #cc0099;\">EXEMPLE<\/span><\/div>\n<div style=\"text-align: justify;\">BROPHY, Peter \u2013 The library in the twenty-firsty century: new services for the information age. London: Facet Publishing, 2005. ISBN1856043754<\/div>\n<div style=\"text-align: justify;\"><\/div>\n<div style=\"text-align: justify;\"><\/div>\n<div style=\"text-align: justify;\"><span style=\"color: #cc0099;\"><strong>CHAPTER BOOK<\/strong><\/span><\/div>\n<div style=\"text-align: justify;\"><\/div>\n<div style=\"text-align: justify;\">SURNAME, Name (Authors of the chapter) &#8211; Title of the chapter. In SURNAME, Name (Authors of the book) &#8211; Title of the book. Place of Publication: Publisher, Year of publication. ISBN. Pages.<\/div>\n<div style=\"text-align: justify;\"><\/div>\n<div style=\"text-align: justify;\"><span style=\"color: #cc0099;\">EXEMPLE<\/span><\/div>\n<div style=\"text-align: justify;\">PEREIRA, Maria Helena da Rocha &#8211; O Jardim das Hesp\u00e9rides. In CENTENO,Yvette Kace, coord. ; FREITAS, Lima de, coord. &#8211; A simb\u00f3lica do espa\u00e7o. 1\u00aa ed.Lisboa : Editorial Estampa, 1991. ISBN 972-33-0781-2. p. 17-28.<\/div>\n<div style=\"text-align: justify;\"><\/div>\n<div style=\"text-align: justify;\"><\/div>\n<div style=\"text-align: justify;\"><span style=\"color: #cc0099;\"><strong>ARTICLE FROM A JOURNAL<\/strong><\/span><\/div>\n<div style=\"text-align: justify;\"><\/div>\n<div style=\"text-align: justify;\">SURNAME, Name (Authors Article) &#8211; Title of the article. Title of the journal. Place of Publication: Publisher. ISSN. Volume (No.) year, pages.<\/div>\n<div style=\"text-align: justify;\"><\/div>\n<div style=\"text-align: justify;\"><span style=\"color: #cc0099;\">EXEMPLE<\/span><\/div>\n<div style=\"text-align: justify;\">RAFAEL, Gina Guedes \u2013 \u201cDocumentos electr\u00f3nicos da biblioteca de papel \u00e0 biblioteca digital\u201d. P\u00e1ginas a&amp;b. Lisboa: Edi\u00e7\u00f5es Colibri. ISSN 0873-5670. 6 (2000) 7-20.<\/div>\n<div style=\"text-align: justify;\"><\/div>\n<div style=\"text-align: justify;\"><\/div>\n<div style=\"text-align: justify;\"><span style=\"color: #cc0099;\"><strong>AN ELECTRONIC JOURNAL ARTICLE<\/strong><\/span><\/div>\n<div style=\"text-align: justify;\"><\/div>\n<div style=\"text-align: justify;\">SURNAME, Name (Authors Article) &#8211; Title of the article. In Title of the journal [Online]. Volume: issue (year), pages. [Consult. a &#8230;.]. Available at URL. ISSN<\/div>\n<div style=\"text-align: justify;\"><\/div>\n<div style=\"text-align: justify;\"><span style=\"color: #cc0099;\">EXEMPLE<\/span><\/div>\n<div style=\"text-align: justify;\">FORTINI, Toni \u2013 \u201cGoing online: academic libraries and the move from print to electronic journals\u201d. Library Student Journal. [Em linha]. 2:6 (2007) 3-11. [Consult. a 11.01.2008]. Dispon\u00edvel em http:\/\/www.librarystudentjournal.org. ISSN 1931-6100.<\/div>\n","protected":false},"excerpt":{"rendered":"<p>There are rules to do biblioghraphic references? Regarding standardization literature, there is a rule in Portugal, NP 405 &#8211; Information and Documentation: References, which covers several types of documents: \u2022 Printing (NP405-1) \u2022 Non-book materials (NP405-2) \u2022 unpublished documents (NP405-3) \u2022 Electronic (NP405-4). Here you will find information on the essential elements that should always [&hellip;]<\/p>\n","protected":false},"author":2,"featured_media":0,"parent":724,"menu_order":0,"comment_status":"open","ping_status":"closed","template":"template-boas-praticas.php","meta":{"footnotes":""},"_links":{"self":[{"href":"https:\/\/www.b-on.pt\/en\/wp-json\/wp\/v2\/pages\/864"}],"collection":[{"href":"https:\/\/www.b-on.pt\/en\/wp-json\/wp\/v2\/pages"}],"about":[{"href":"https:\/\/www.b-on.pt\/en\/wp-json\/wp\/v2\/types\/page"}],"author":[{"embeddable":true,"href":"https:\/\/www.b-on.pt\/en\/wp-json\/wp\/v2\/users\/2"}],"replies":[{"embeddable":true,"href":"https:\/\/www.b-on.pt\/en\/wp-json\/wp\/v2\/comments?post=864"}],"version-history":[{"count":2,"href":"https:\/\/www.b-on.pt\/en\/wp-json\/wp\/v2\/pages\/864\/revisions"}],"predecessor-version":[{"id":929,"href":"https:\/\/www.b-on.pt\/en\/wp-json\/wp\/v2\/pages\/864\/revisions\/929"}],"up":[{"embeddable":true,"href":"https:\/\/www.b-on.pt\/en\/wp-json\/wp\/v2\/pages\/724"}],"wp:attachment":[{"href":"https:\/\/www.b-on.pt\/en\/wp-json\/wp\/v2\/media?parent=864"}],"curies":[{"name":"wp","href":"https:\/\/api.w.org\/{rel}","templated":true}]}}